{"id":337380,"date":"2019-04-24T12:11:07","date_gmt":"2019-04-24T12:11:07","guid":{"rendered":"https:\/\/lupulina.com\/producto\/nugget\/"},"modified":"2020-01-23T15:37:14","modified_gmt":"2020-01-23T15:37:14","slug":"nugget","status":"publish","type":"product","link":"https:\/\/lupulina.com\/es\/producto\/nugget\/","title":{"rendered":"Nugget"},"content":{"rendered":"<p>Creado\u00a0en 1982, <strong>Nugget<\/strong> es un cruce diploide entre Brewer\u2019s Gold y un macho con niveles altos alfa-\u00e1cidos y buenas propiedades de almacenamiento (USDA65009 X USDA63015M). Es una variedad super alfa para aroma y amargor muy importante en Estados Unidos, as\u00ed como en Alemania. Nugget responde muy bien a la\u00a0recolecci\u00f3n, secado y embalaje. Produce conos\u00a0pesados, apretados y moderadamente largos. La lupulina es abundante con un color amarillo-naranja. Ramificaciones laterales de 50-100cm. Sustitutos: Newport, Galena.<\/p>\n<ul>\n<li><strong>Maduraci\u00f3n:<\/strong>\u00a0tardia\u00a0(principios de setiembre)<\/li>\n<li><strong>Rendimiento:<\/strong>\u00a02000 \u2013 2400 kl\/Ha<\/li>\n<li><strong>\u00c1cidos y aceites:<\/strong>\u00a011,5-14% alfa, 4,2-5,8% beta, cohumulona 22-26%, aceites totales 1,8-2,2ml\/100gr, mirceno 48-55%, cariofileno 7-9%, humuleno 16-19%, farneseno &lt;1%.<\/li>\n<li><strong>Estabilidad de almacenamiento:<\/strong>\u00a0muy buena, 70-80% de \u00e1cidos alfa restantes despu\u00e9s de 6 meses.<\/li>\n<li><strong>Aroma:<\/strong>\u00a0intensas notas a hierba verde, no c\u00edtrico.<\/li>\n<li><strong>Estilos de cerveza:<\/strong>\u00a0Pale Ales, IPA, Stout. L\u00fapulo de doble uso.<\/li>\n<li><strong>Notas para su cultivo:<\/strong>\u00a0una de las variedades\u00a0<em>topten<\/em>\u00a0en vigor y rendimiento, con grandes l\u00edneas primarias. Muestra cierta resistencia a los mohos. Prefiere tipos de suelos m\u00e1s \u00e1cidos y \u00e1cido h\u00famico.<\/li>\n<\/ul>\n","protected":false},"excerpt":{"rendered":"<p>Creado\u00a0en 1982, Nugget es un cruce diploide entre Brewer\u2019s Gold y un macho con niveles altos alfa-\u00e1cidos y buenas propiedades de almacenamiento (USDA65009 X USDA63015M). Es una variedad super alfa para aroma y amargor muy importante en Estados Unidos, as\u00ed como en Alemania. Nugget responde muy bien a la\u00a0recolecci\u00f3n, secado y embalaje. Produce conos\u00a0pesados, apretados [&hellip;]<\/p>\n","protected":false},"featured_media":6320,"comment_status":"open","ping_status":"closed","template":"","meta":{"_et_pb_use_builder":"","_et_pb_old_content":"","_et_gb_content_width":"","_links_to":"","_links_to_target":""},"product_brand":[],"product_cat":[71],"product_tag":[],"class_list":{"0":"post-337380","1":"product","2":"type-product","3":"status-publish","4":"has-post-thumbnail","6":"product_cat-sin-categorizar-es","8":"first","9":"outofstock","10":"taxable","11":"shipping-taxable","12":"purchasable","13":"product-type-simple"},"_links":{"self":[{"href":"https:\/\/lupulina.com\/es\/wp-json\/wp\/v2\/product\/337380","targetHints":{"allow":["GET"]}}],"collection":[{"href":"https:\/\/lupulina.com\/es\/wp-json\/wp\/v2\/product"}],"about":[{"href":"https:\/\/lupulina.com\/es\/wp-json\/wp\/v2\/types\/product"}],"replies":[{"embeddable":true,"href":"https:\/\/lupulina.com\/es\/wp-json\/wp\/v2\/comments?post=337380"}],"wp:featuredmedia":[{"embeddable":true,"href":"https:\/\/lupulina.com\/es\/wp-json\/wp\/v2\/media\/6320"}],"wp:attachment":[{"href":"https:\/\/lupulina.com\/es\/wp-json\/wp\/v2\/media?parent=337380"}],"wp:term":[{"taxonomy":"product_brand","embeddable":true,"href":"https:\/\/lupulina.com\/es\/wp-json\/wp\/v2\/product_brand?post=337380"},{"taxonomy":"product_cat","embeddable":true,"href":"https:\/\/lupulina.com\/es\/wp-json\/wp\/v2\/product_cat?post=337380"},{"taxonomy":"product_tag","embeddable":true,"href":"https:\/\/lupulina.com\/es\/wp-json\/wp\/v2\/product_tag?post=337380"}],"curies":[{"name":"wp","href":"https:\/\/api.w.org\/{rel}","templated":true}]}}