{"id":337259,"date":"2019-04-24T12:11:07","date_gmt":"2019-04-24T12:11:07","guid":{"rendered":"https:\/\/lupulina.com\/producto\/late-cluster-pacific-coast\/"},"modified":"2025-04-10T02:15:59","modified_gmt":"2025-04-10T02:15:59","slug":"late-cluster-pacific-coast","status":"publish","type":"product","link":"https:\/\/lupulina.com\/es\/producto\/late-cluster-pacific-coast\/","title":{"rendered":"Late Cluster (Pacific Coast)"},"content":{"rendered":"<p>Cuando\u00a0<strong>Early Cluster<\/strong>\u00a0se cultiv\u00f3 en la zona occidental de los Estados Unidos, la cepa\u00a0<strong>Late Cluster<\/strong>\u00a0probablemente surgi\u00f3 de un cruze por\u00a0<strong>polinizaci\u00f3n abierta<\/strong>\u00a0con el l\u00fapulo occidental nativo salvaje. Tambi\u00e9n se convirti\u00f3 en una importante cepa comercial para los cultivadores a lo largo de la costa oeste y parece mejor adaptada a los climas m\u00e1s meridionales de Oreg\u00f3n y California. Otro l\u00fapulo\u00a0cl\u00e1sico que est\u00e1 siendo\u00a0<em>re-descubierto<\/em>\u00a0por los cerveceros artesanos. Se considera una variedad de uso m\u00faltiple. Ramificaciones laterales de 60-90cm.<\/p>\n<ul>\n<li><strong>Maduraci\u00f3n:<\/strong>\u00a0tardia<\/li>\n<li><strong>Rendimiento:<\/strong>\u00a01900 \u2013 2350 kl\/Ha<\/li>\n<li><strong>\u00c1cidos y aceites:<\/strong>\u00a05,5-8,5% alfa, 4,5-5,5% beta, cohumulona 37-43%, aceites totales 0,4-0,8ml\/100gr, mirceno 45-55%, cariofileno 6-7%, humuleno 15-18%, farneseno &lt;1%.<\/li>\n<li><strong>Estabilidad de almacenamiento:<\/strong>\u00a0muy alta, 80-85% de \u00e1cidos alfa restantes despu\u00e9s de 6 meses.<\/li>\n<li><strong>Aroma:<\/strong>\u00a0intenso, c\u00edtrico, fruta de la passi\u00f3n.<\/li>\n<li><strong>Estilos de cerveza:<\/strong>\u00a0muy vers\u00e0til, apto para una \u00e0mplia variedad de estilos, incluido Barley Wine.<\/li>\n<li><strong>Notas para su cultivo:<\/strong>\u00a0Gran crecimiento. Cierta resistencia al mildiu.<\/li>\n<\/ul>\n","protected":false},"excerpt":{"rendered":"<p>Cuando\u00a0Early Cluster\u00a0se cultiv\u00f3 en la zona occidental de los Estados Unidos, la cepa\u00a0Late Cluster\u00a0probablemente surgi\u00f3 de un cruze por\u00a0polinizaci\u00f3n abierta\u00a0con el l\u00fapulo occidental nativo salvaje. Tambi\u00e9n se convirti\u00f3 en una importante cepa comercial para los cultivadores a lo largo de la costa oeste y parece mejor adaptada a los climas m\u00e1s meridionales de Oreg\u00f3n y [&hellip;]<\/p>\n","protected":false},"featured_media":6320,"comment_status":"open","ping_status":"closed","template":"","meta":{"_et_pb_use_builder":"","_et_pb_old_content":"","_et_gb_content_width":"","_links_to":"","_links_to_target":""},"product_brand":[],"product_cat":[71],"product_tag":[],"class_list":{"0":"post-337259","1":"product","2":"type-product","3":"status-publish","4":"has-post-thumbnail","6":"product_cat-sin-categorizar-es","8":"first","9":"outofstock","10":"taxable","11":"shipping-taxable","12":"purchasable","13":"product-type-simple"},"_links":{"self":[{"href":"https:\/\/lupulina.com\/es\/wp-json\/wp\/v2\/product\/337259","targetHints":{"allow":["GET"]}}],"collection":[{"href":"https:\/\/lupulina.com\/es\/wp-json\/wp\/v2\/product"}],"about":[{"href":"https:\/\/lupulina.com\/es\/wp-json\/wp\/v2\/types\/product"}],"replies":[{"embeddable":true,"href":"https:\/\/lupulina.com\/es\/wp-json\/wp\/v2\/comments?post=337259"}],"wp:featuredmedia":[{"embeddable":true,"href":"https:\/\/lupulina.com\/es\/wp-json\/wp\/v2\/media\/6320"}],"wp:attachment":[{"href":"https:\/\/lupulina.com\/es\/wp-json\/wp\/v2\/media?parent=337259"}],"wp:term":[{"taxonomy":"product_brand","embeddable":true,"href":"https:\/\/lupulina.com\/es\/wp-json\/wp\/v2\/product_brand?post=337259"},{"taxonomy":"product_cat","embeddable":true,"href":"https:\/\/lupulina.com\/es\/wp-json\/wp\/v2\/product_cat?post=337259"},{"taxonomy":"product_tag","embeddable":true,"href":"https:\/\/lupulina.com\/es\/wp-json\/wp\/v2\/product_tag?post=337259"}],"curies":[{"name":"wp","href":"https:\/\/api.w.org\/{rel}","templated":true}]}}