{"id":337131,"date":"2019-04-24T12:11:07","date_gmt":"2019-04-24T12:11:07","guid":{"rendered":"https:\/\/lupulina.com\/producto\/liberty\/"},"modified":"2020-01-23T13:34:38","modified_gmt":"2020-01-23T13:34:38","slug":"liberty","status":"publish","type":"product","link":"https:\/\/lupulina.com\/es\/producto\/liberty\/","title":{"rendered":"Liberty"},"content":{"rendered":"<p>Uno de los cuatro\u00a0<strong>h\u00edbridos triploides<\/strong>\u00a0provenientes de Hallertauer como\u00a0<strong>variedades nobles arom\u00e1ticas<\/strong>.\u00a0<strong>Liberty<\/strong>\u00a0fue creada\u00a0en los EE.UU. en 1991 (tetrapl\u00f3ide Hallertauer Mittelfr\u00fch\u00a0X USDA64035M). Los conos son m\u00e1s peque\u00f1os pero densos, con\u00a0brazos laterales de 30-75cm. Presenta\u00a0buenas caracter\u00edsticas frente a la cosecha, secado y empacado. La lupulina amarilla oscura se encuentra en cantidades moderadas. Liberty\u00a0es m\u00e1s resistente que Hallertauer frente a Verticillium Wilt y a podredumbre de la corona. Sustitutos: Hallertauer, Mount Hood. Prefiere suelos bien drenados y \u00e1cidos.<\/p>\n<ul>\n<li><strong>Maduraci\u00f3n:<\/strong>\u00a0temprana-media<\/li>\n<li><strong>Rendimiento:<\/strong>\u00a01100 \u2013 1900 kl\/Ha<\/li>\n<li><strong>\u00c1cidos y aceites:<\/strong>\u00a03-5% alfa, 3-4% beta, cohumulona 24-30%, aceites totales 0,6-1,2ml\/100gr, mirceno 20-40%, humuleno 35-40%, cariofileno 9-12%, farneseno &lt;1%.<\/li>\n<li><strong>Estabilidad de almacenamiento:<\/strong>\u00a0muy baja, 35-40% de \u00e1cidos alfa restantes despu\u00e9s de 6 meses a 20\u00baC.<\/li>\n<li><strong>Aroma:<\/strong>\u00a0suave, ligeramente especiado, similar a Hallertauer.<\/li>\n<li><strong>Estilos de cerveza:\u00a0<\/strong>Pilsner, Bock, US Wheat, Kolsch, estilos belgas diversos.<\/li>\n<li><strong>Notas para su cultivo:<\/strong>\u00a0necesita dos temporadas para establecerse, necesita\u00a0un gran drenaje, no tolera suelos pesados, h\u00famedos y empapados. Es un\u00a0l\u00fapulo\u00a0desafiante para su cultivo, sin embargo, est\u00e1 cada vez m\u00e1s solicitado por los cerveceros debido a su perfil arom\u00e1tico. Requiere suelos \u00e1cidos y bien drenados. Las plantas responden a la adici\u00f3n de \u00e1cidos h\u00famicos en el programa de fertilizaci\u00f3n. Recomendado para agricultores experimentados o con buenas\u00a0condiciones de suelos. Candidato para plantaciones de mayor densidad. Muestra resistencia a los hongos.<\/li>\n<\/ul>\n","protected":false},"excerpt":{"rendered":"<p>Uno de los cuatro\u00a0h\u00edbridos triploides\u00a0provenientes de Hallertauer como\u00a0variedades nobles arom\u00e1ticas.\u00a0Liberty\u00a0fue creada\u00a0en los EE.UU. en 1991 (tetrapl\u00f3ide Hallertauer Mittelfr\u00fch\u00a0X USDA64035M). Los conos son m\u00e1s peque\u00f1os pero densos, con\u00a0brazos laterales de 30-75cm. Presenta\u00a0buenas caracter\u00edsticas frente a la cosecha, secado y empacado. La lupulina amarilla oscura se encuentra en cantidades moderadas. Liberty\u00a0es m\u00e1s resistente que Hallertauer frente a [&hellip;]<\/p>\n","protected":false},"featured_media":6320,"comment_status":"open","ping_status":"closed","template":"","meta":{"_et_pb_use_builder":"","_et_pb_old_content":"","_et_gb_content_width":"","_links_to":"","_links_to_target":""},"product_brand":[],"product_cat":[71],"product_tag":[],"class_list":{"0":"post-337131","1":"product","2":"type-product","3":"status-publish","4":"has-post-thumbnail","6":"product_cat-sin-categorizar-es","8":"first","9":"outofstock","10":"taxable","11":"shipping-taxable","12":"purchasable","13":"product-type-simple"},"_links":{"self":[{"href":"https:\/\/lupulina.com\/es\/wp-json\/wp\/v2\/product\/337131","targetHints":{"allow":["GET"]}}],"collection":[{"href":"https:\/\/lupulina.com\/es\/wp-json\/wp\/v2\/product"}],"about":[{"href":"https:\/\/lupulina.com\/es\/wp-json\/wp\/v2\/types\/product"}],"replies":[{"embeddable":true,"href":"https:\/\/lupulina.com\/es\/wp-json\/wp\/v2\/comments?post=337131"}],"wp:featuredmedia":[{"embeddable":true,"href":"https:\/\/lupulina.com\/es\/wp-json\/wp\/v2\/media\/6320"}],"wp:attachment":[{"href":"https:\/\/lupulina.com\/es\/wp-json\/wp\/v2\/media?parent=337131"}],"wp:term":[{"taxonomy":"product_brand","embeddable":true,"href":"https:\/\/lupulina.com\/es\/wp-json\/wp\/v2\/product_brand?post=337131"},{"taxonomy":"product_cat","embeddable":true,"href":"https:\/\/lupulina.com\/es\/wp-json\/wp\/v2\/product_cat?post=337131"},{"taxonomy":"product_tag","embeddable":true,"href":"https:\/\/lupulina.com\/es\/wp-json\/wp\/v2\/product_tag?post=337131"}],"curies":[{"name":"wp","href":"https:\/\/api.w.org\/{rel}","templated":true}]}}