{"id":334715,"date":"2019-04-24T12:11:09","date_gmt":"2019-04-24T12:11:09","guid":{"rendered":"https:\/\/lupulina.com\/producto\/first-gold-prima-donna-varietat-nana\/"},"modified":"2020-01-23T15:40:24","modified_gmt":"2020-01-23T15:40:24","slug":"first-gold-prima-donna-varietat-nana","status":"publish","type":"product","link":"https:\/\/lupulina.com\/es\/producto\/first-gold-prima-donna-varietat-nana\/","title":{"rendered":"First Gold &#8211; Prima Donna (variedad enana)"},"content":{"rendered":"<h3>Variedad enana, interesante para plantar\u00a0en espacios reducidos o para plantaciones con baja estructura.<\/h3>\n<p>Creada\u00a0en\u00a0<strong>Wye College<\/strong>\u00a0en 1995 e introducida originalmente al mercado comercial con el nombre de\u00a0<strong>First Gold<\/strong>,\u00a0<strong>Prima Donna<\/strong>\u00a0es el producto de la polinizaci\u00f3n cruzada de WGV (Whitbread Golding Variety)\u00a0con un macho enano. Prima Donna tiene muchas caracter\u00edsticas de sabor\u00a0<strong>Goldings<\/strong>, pero con un\u00a0<strong>\u00e1cido alfa<\/strong>\u00a0superior entre el 7 y el 9%. Produce un gran n\u00famero de conos de tama\u00f1o mediano. L\u00fapulo muy vers\u00e1til y de\u00a0<strong>doble uso<\/strong>, aporta un car\u00e1cter rico de c\u00edtricos con notas\u00a0de c\u00e1scara de naranja y albaricoque seco. Amargor bien equilibrado y toque ligeramente picante.<\/p>\n<ul>\n<li><strong>Maduraci\u00f3n:<\/strong>\u00a0mediana<\/li>\n<li><strong>Rendimiento:<\/strong>\u00a01100 \u2013 1700 kl\/Ha<\/li>\n<li><strong>\u00c1cidos y aceites:<\/strong>\u00a06,5-8,5% alfa, 3-4,1% beta, cohumulona 31-36%, aceites totales 0,7-1,5ml\/100gr, mirceno 27-28%, cariofileno 6-7%, humuleno 20-24%, farneseno 3-3,5%.<\/li>\n<li><strong>Estabilidad de almacenamiento:<\/strong>\u00a0muy buena, 80-85% de \u00e1cidos alfa restantes despu\u00e9s de 6 meses.<\/li>\n<li><strong>Aroma:<\/strong>\u00a0c\u00edtrico y frutal, con un toque ligeramente picante.<\/li>\n<li><strong>Estilos de cerveza:<\/strong>\u00a0Pale Ales, IPA. L\u00fapulo muy vers\u00e0til apto para diversos estilos.<\/li>\n<li><strong>Notas para su cultivo:<\/strong>\u00a0<strong>variedad de l\u00fapulo enana<\/strong>\u00a0con menor crecimiento, entre 2 y 4 metros. Ideal para plantar en espacios reducidos, y para\u00a0<strong>plantaciones de l\u00fapulo de baja estructura<\/strong>\u00a0con red o malla de 2-3 metros de altura en lugar de entutorado en trepas.<\/li>\n<\/ul>\n","protected":false},"excerpt":{"rendered":"<p>Variedad enana, interesante para plantar\u00a0en espacios reducidos o para plantaciones con baja estructura. Creada\u00a0en\u00a0Wye College\u00a0en 1995 e introducida originalmente al mercado comercial con el nombre de\u00a0First Gold,\u00a0Prima Donna\u00a0es el producto de la polinizaci\u00f3n cruzada de WGV (Whitbread Golding Variety)\u00a0con un macho enano. Prima Donna tiene muchas caracter\u00edsticas de sabor\u00a0Goldings, pero con un\u00a0\u00e1cido alfa\u00a0superior entre el [&hellip;]<\/p>\n","protected":false},"featured_media":6321,"comment_status":"open","ping_status":"closed","template":"","meta":{"_et_pb_use_builder":"","_et_pb_old_content":"","_et_gb_content_width":"","_links_to":"","_links_to_target":""},"product_brand":[],"product_cat":[71],"product_tag":[],"class_list":{"0":"post-334715","1":"product","2":"type-product","3":"status-publish","4":"has-post-thumbnail","6":"product_cat-sin-categorizar-es","8":"first","9":"outofstock","10":"taxable","11":"shipping-taxable","12":"purchasable","13":"product-type-simple"},"_links":{"self":[{"href":"https:\/\/lupulina.com\/es\/wp-json\/wp\/v2\/product\/334715","targetHints":{"allow":["GET"]}}],"collection":[{"href":"https:\/\/lupulina.com\/es\/wp-json\/wp\/v2\/product"}],"about":[{"href":"https:\/\/lupulina.com\/es\/wp-json\/wp\/v2\/types\/product"}],"replies":[{"embeddable":true,"href":"https:\/\/lupulina.com\/es\/wp-json\/wp\/v2\/comments?post=334715"}],"wp:featuredmedia":[{"embeddable":true,"href":"https:\/\/lupulina.com\/es\/wp-json\/wp\/v2\/media\/6321"}],"wp:attachment":[{"href":"https:\/\/lupulina.com\/es\/wp-json\/wp\/v2\/media?parent=334715"}],"wp:term":[{"taxonomy":"product_brand","embeddable":true,"href":"https:\/\/lupulina.com\/es\/wp-json\/wp\/v2\/product_brand?post=334715"},{"taxonomy":"product_cat","embeddable":true,"href":"https:\/\/lupulina.com\/es\/wp-json\/wp\/v2\/product_cat?post=334715"},{"taxonomy":"product_tag","embeddable":true,"href":"https:\/\/lupulina.com\/es\/wp-json\/wp\/v2\/product_tag?post=334715"}],"curies":[{"name":"wp","href":"https:\/\/api.w.org\/{rel}","templated":true}]}}