{"id":41152,"date":"2019-10-25T08:53:04","date_gmt":"2019-10-25T08:53:04","guid":{"rendered":"http:\/\/lupulina.volcanicvalley.com\/plantas-de-lupulo\/"},"modified":"2020-11-27T12:47:26","modified_gmt":"2020-11-27T12:47:26","slug":"plantas-de-lupulo","status":"publish","type":"page","link":"https:\/\/lupulina.com\/es\/plantas-de-lupulo\/","title":{"rendered":"Plantas de l\u00fapulo"},"content":{"rendered":"<p>[et_pb_section fb_built=&#8221;1&#8243; _builder_version=&#8221;4.0.9&#8243; background_image=&#8221;http:\/\/lupulina.volcanicvalley.com\/app\/uploads\/2019\/04\/arrels1.jpg&#8221; parallax=&#8221;on&#8221;][et_pb_row _builder_version=&#8221;4.0.9&#8243; background_size=&#8221;initial&#8221; background_position=&#8221;top_left&#8221; background_repeat=&#8221;repeat&#8221;][et_pb_column type=&#8221;4_4&#8243; _builder_version=&#8221;3.25&#8243; custom_padding=&#8221;|||&#8221; custom_padding__hover=&#8221;|||&#8221;][et_pb_divider show_divider=&#8221;off&#8221; _builder_version=&#8221;3.19.3&#8243; height=&#8221;63px&#8221;]<br \/>\n[\/et_pb_divider][et_pb_text _builder_version=&#8221;4.1&#8243; text_font=&#8221;Bernier Regular Regular 2020||||||||&#8221; text_text_color=&#8221;#224635&#8243; text_font_size=&#8221;75px&#8221; hover_enabled=&#8221;0&#8243; text_font_size_tablet=&#8221;&#8221; text_font_size_phone=&#8221;40px&#8221; text_font_size_last_edited=&#8221;on|phone&#8221; saved_tabs=&#8221;all&#8221;]<\/p>\n<p style=\"text-align: center;\">PLANTAS DE L\u00daPULO<\/p>\n<p>[\/et_pb_text][et_pb_divider show_divider=&#8221;off&#8221; _builder_version=&#8221;3.19.3&#8243; height=&#8221;43px&#8221;]<br \/>\n[\/et_pb_divider][et_pb_text _builder_version=&#8221;4.1&#8243; text_font=&#8221;Barlow Regular||||||||&#8221; text_text_color=&#8221;#000000&#8243; text_font_size=&#8221;18px&#8221; hover_enabled=&#8221;0&#8243;]En Lupulina.Cat nos dedicamos tambi\u00e9n a la venta de plantas de l\u00fapulo, trabajando como distribuidores de viveristas especializados en la propagaci\u00f3n de l\u00fapulo con m\u00e1s de 50 a\u00f1os de experiencia. Todas las plantas que vendemos y que encontrar\u00e1s aqu\u00ed han estado producidas bajo las m\u00e1s estrictas normas sanitarias, a partir de plantas madre certificadas, en condiciones libres de Hop Latent Viroid y Canker y con toler\u00e1ncia zero de Verticillium Wilt, Arabic Mosaic Virus, Prunus Necrotic Ringspot Virus y Hop Mosaic Virus (Goldings). Los viveros se encuentran alejados de zonas con cultivos de l\u00fapulo para evitar contaminaciones de enfermedades.<\/p>\n<p>Las plantas de l\u00fapulo tienen un ciclo productivo de m\u00e1s de 20 a\u00f1os, por lo cual es muy importante que el material de origen para iniciar una plantaci\u00f3n est\u00e9 libre de virus y enfermedades (algunas de ellas asintom\u00e1ticas). Por este motivo en Lupulina.Cat trabajamos con plantas de vivero y no com rizomas. Estas plantas, adem\u00e1s, tienen un a\u00f1o de vida por lo cual ofrecen mejor adaptaci\u00f3n y producci\u00f3n a partir de la primera temporada en campo.[\/et_pb_text][\/et_pb_column][\/et_pb_row][\/et_pb_section][et_pb_section fb_built=&#8221;1&#8243; _builder_version=&#8221;3.22&#8243; background_color=&#8221;#f2f2f2&#8243; custom_padding=&#8221;54px|0px|0|0px|false|false&#8221;][et_pb_row _builder_version=&#8221;3.25&#8243; background_size=&#8221;initial&#8221; background_position=&#8221;top_left&#8221; background_repeat=&#8221;repeat&#8221;][et_pb_column type=&#8221;4_4&#8243; _builder_version=&#8221;3.25&#8243; custom_padding=&#8221;|||&#8221; custom_padding__hover=&#8221;|||&#8221;][et_pb_text _builder_version=&#8221;4.1&#8243; text_font=&#8221;Bernier Regular Regular 2020||||||||&#8221; text_text_color=&#8221;#224635&#8243; text_font_size=&#8221;40px&#8221; text_font_size_tablet=&#8221;&#8221; text_font_size_phone=&#8221;27px&#8221; text_font_size_last_edited=&#8221;on|phone&#8221;]<\/p>\n<p style=\"text-align: center;\">Variedades disponibles agrupadas seg\u00fan su origen<\/p>\n<p>[\/et_pb_text][et_pb_divider show_divider=&#8221;off&#8221; _builder_version=&#8221;3.19.3&#8243;]<br \/>\n[\/et_pb_divider][\/et_pb_column][\/et_pb_row][\/et_pb_section][et_pb_section fb_built=&#8221;1&#8243; _builder_version=&#8221;3.22&#8243; background_color=&#8221;#f2f2f2&#8243; custom_padding=&#8221;2px|0px|54px|0px|false|false&#8221;][et_pb_row column_structure=&#8221;1_4,1_4,1_4,1_4&#8243; _builder_version=&#8221;3.25&#8243; background_size=&#8221;initial&#8221; background_position=&#8221;top_left&#8221; background_repeat=&#8221;repeat&#8221; custom_padding=&#8221;0|0px|27px|0px|false|false&#8221;][et_pb_column type=&#8221;1_4&#8243; _builder_version=&#8221;3.25&#8243; custom_padding=&#8221;|||&#8221; custom_padding__hover=&#8221;|||&#8221;][et_pb_blurb title=&#8221;AMERICANAS&#8221; url=&#8221;https:\/\/lupulina.com\/es\/producto\/plantes-de-varietats-americanes\/&#8221; image=&#8221;http:\/\/lupulina.volcanicvalley.com\/app\/uploads\/2019\/04\/americanes.jpg&#8221; admin_label=&#8221;Americanes&#8221; _builder_version=&#8221;4.1&#8243; header_font=&#8221;|700|||||||&#8221; header_text_align=&#8221;center&#8221; header_text_color=&#8221;#224635&#8243; body_text_align=&#8221;center&#8221; body_text_color=&#8221;#000000&#8243; body_font_size=&#8221;40&#8243; background_color=&#8221;#ffffff&#8221; text_orientation=&#8221;center&#8221; custom_padding=&#8221;||40px|&#8221; link_option_url=&#8221;https:\/\/lupulina.com\/es\/producto\/plantes-de-varietats-americanes\/&#8221; border_width_all=&#8221;1px&#8221; border_color_all=&#8221;#224635&#8243; border_color_all_image=&#8221;#224635&#8243;]9,90\u20ac<br \/>\n[\/et_pb_blurb][\/et_pb_column][et_pb_column type=&#8221;1_4&#8243; _builder_version=&#8221;3.25&#8243; custom_padding=&#8221;|||&#8221; custom_padding__hover=&#8221;|||&#8221;][et_pb_blurb title=&#8221;BRIT\u00c1NICAS Y ENANAS&#8221; url=&#8221;https:\/\/lupulina.com\/es\/producto\/plantas-de-varietat-britanica-i-nanas\/&#8221; image=&#8221;http:\/\/lupulina.volcanicvalley.com\/app\/uploads\/2019\/04\/britaniques.jpg&#8221; admin_label=&#8221;BRIT\u00c0NIQUES I NANES&#8221; _builder_version=&#8221;4.1&#8243; header_font=&#8221;|700|||||||&#8221; header_text_align=&#8221;center&#8221; header_text_color=&#8221;#224635&#8243; body_text_align=&#8221;center&#8221; body_text_color=&#8221;#000000&#8243; body_font_size=&#8221;40&#8243; background_color=&#8221;#ffffff&#8221; text_orientation=&#8221;center&#8221; custom_padding=&#8221;||40px|&#8221; link_option_url=&#8221;https:\/\/lupulina.com\/es\/producto\/plantas-de-varietat-britanica-i-nanas\/&#8221; border_width_all=&#8221;1px&#8221; border_color_all=&#8221;#224635&#8243; border_color_all_image=&#8221;#224635&#8243;]8,90\u20ac<br \/>\n[\/et_pb_blurb][\/et_pb_column][et_pb_column type=&#8221;1_4&#8243; _builder_version=&#8221;3.25&#8243; custom_padding=&#8221;|||&#8221; custom_padding__hover=&#8221;|||&#8221;][et_pb_blurb title=&#8221;CENTROEUROPEAS&#8221; url=&#8221;https:\/\/lupulina.com\/es\/producto\/plantes-de-varietats-centreeuropees\/&#8221; image=&#8221;http:\/\/lupulina.volcanicvalley.com\/app\/uploads\/2019\/04\/centre-europa.jpg&#8221; admin_label=&#8221;CENTREEUROPEES&#8221; _builder_version=&#8221;4.1&#8243; header_font=&#8221;|700|||||||&#8221; header_text_align=&#8221;center&#8221; header_text_color=&#8221;#224635&#8243; body_text_align=&#8221;center&#8221; body_text_color=&#8221;#000000&#8243; body_font_size=&#8221;40&#8243; background_color=&#8221;#ffffff&#8221; text_orientation=&#8221;center&#8221; custom_padding=&#8221;||40px|&#8221; link_option_url=&#8221;https:\/\/lupulina.com\/es\/producto\/plantes-de-varietats-centreeuropees\/&#8221; border_width_all=&#8221;1px&#8221; border_color_all=&#8221;#224635&#8243; border_color_all_image=&#8221;#224635&#8243;]8,90\u20ac<br \/>\n[\/et_pb_blurb][\/et_pb_column][et_pb_column type=&#8221;1_4&#8243; _builder_version=&#8221;3.25&#8243; custom_padding=&#8221;|||&#8221; custom_padding__hover=&#8221;|||&#8221;][et_pb_blurb title=&#8221;JAPONESAS&#8221; url=&#8221;https:\/\/lupulina.com\/es\/producto\/plantes-de-varietats-japoneses\/&#8221; image=&#8221;http:\/\/lupulina.volcanicvalley.com\/app\/uploads\/2019\/04\/japoneses.jpg&#8221; admin_label=&#8221;JAPONESES&#8221; _builder_version=&#8221;4.1&#8243; header_font=&#8221;|700|||||||&#8221; header_text_align=&#8221;center&#8221; header_text_color=&#8221;#224635&#8243; body_text_align=&#8221;center&#8221; body_text_color=&#8221;#000000&#8243; body_font_size=&#8221;40&#8243; background_color=&#8221;#ffffff&#8221; text_orientation=&#8221;center&#8221; custom_padding=&#8221;||40px|&#8221; link_option_url=&#8221;https:\/\/lupulina.com\/es\/producto\/plantes-de-varietats-japoneses\/&#8221; border_width_all=&#8221;1px&#8221; border_color_all=&#8221;#224635&#8243; border_color_all_image=&#8221;#224635&#8243;]9,90\u20ac<br \/>\n[\/et_pb_blurb][\/et_pb_column][\/et_pb_row][\/et_pb_section][et_pb_section fb_built=&#8221;1&#8243; _builder_version=&#8221;3.22&#8243;][et_pb_row column_structure=&#8221;1_3,1_3,1_3&#8243; _builder_version=&#8221;3.25&#8243; background_size=&#8221;initial&#8221; background_position=&#8221;top_left&#8221; background_repeat=&#8221;repeat&#8221;][et_pb_column type=&#8221;1_3&#8243; _builder_version=&#8221;3.25&#8243; custom_padding=&#8221;|||&#8221; custom_padding__hover=&#8221;|||&#8221;][et_pb_text _builder_version=&#8221;3.27.4&#8243; text_font=&#8221;BARLOW-REGULAR||||||||&#8221; text_text_color=&#8221;#224635&#8243; text_font_size=&#8221;35px&#8221; text_orientation=&#8221;center&#8221;]Reservar y comprar<br \/>\n[\/et_pb_text][et_pb_divider show_divider=&#8221;off&#8221; _builder_version=&#8221;3.19.3&#8243;][\/et_pb_divider][et_pb_text _builder_version=&#8221;4.0.2&#8243;]Para comprar plantas de l\u00fapulo es imprescindible reservarlas, y pagar una parte del importe por adelantado. Ya puedes realizar tu reserva en esta secci\u00f3n de nuestra web! Selecciona las variedades y plantas que quieras y a\u00f1\u00e1delas al carrito de compra. Dentro de esta se desglosa la cantidad del dep\u00f3sito que pagar\u00e1s en el momento de la reserva, y la parte restante que podr\u00e1s pagar mas tarde entrando en tu cuenta.<\/p>\n<p>Las plantas se entregan a partir de finales de febrero, y durante marzo y abril, por orden de reserva y una vez realizado el segundo pago. Durante esta \u00e9poca del a\u00f1o las plantas todav\u00eda est\u00e1n en letargia, con lo cual se pueden enviar c\u00f3modamente sin tierra y a ra\u00edz desnuda sin riesgo de lastimarse. Las plantas vienen con \u00a0<strong>pasaporte fitosanitario<\/strong>, consejos para sus cuidados y asesoramiento post-venta por tel\u00e9fono o correo electr\u00f3nico.[\/et_pb_text][\/et_pb_column][et_pb_column type=&#8221;1_3&#8243; _builder_version=&#8221;3.25&#8243; custom_padding=&#8221;|||&#8221; custom_padding__hover=&#8221;|||&#8221;][et_pb_text _builder_version=&#8221;3.27.4&#8243; text_font=&#8221;BARLOW-REGULAR||||||||&#8221; text_text_color=&#8221;#224635&#8243; text_font_size=&#8221;35px&#8221; text_orientation=&#8221;center&#8221; border_color_right=&#8221;#224635&#8243; border_color_left=&#8221;#224635&#8243;]Precios<br \/>\n[\/et_pb_text][et_pb_divider show_divider=&#8221;off&#8221; _builder_version=&#8221;3.19.3&#8243;][\/et_pb_divider][et_pb_text _builder_version=&#8221;3.27.4&#8243; custom_padding=&#8221;|30px||30px&#8221; border_width_right=&#8221;1px&#8221; border_color_right=&#8221;#224635&#8243; border_style_right=&#8221;dotted&#8221; border_width_left=&#8221;1px&#8221; border_color_left=&#8221;#224635&#8243; border_style_left=&#8221;dotted&#8221;]<\/p>\n<ul>\n<li>Comprando entre 1 y 19 plantas (a trav\u00e9s de nuestra web): 9,90\u20ac por planta para las variedades americanas y japonesas y 8,90\u20ac para variedades europeas.<\/li>\n<li>Comprando entre 20 y 49 plantas (por correo electr\u00f3nico): 8,91\u20ac por planta para las variedades americanas y japonesas y 8,01\u20ac para variedades europeas.<\/li>\n<li>Comprando entre 50 y 99 plantas (por correo electr\u00f3nico): 8,02\u20ac port planta para las variedades americanas y japonesas y 7,21\u20ac para variedades europeas.<\/li>\n<li>Para pedidos de m\u00e1s de 100 plantas: consultar precios a\u00a0info@lupulina.com.<\/li>\n<\/ul>\n<p>Todos los precios incluyen el 10% de IVA. Los env\u00edos se realizan\u00a0por agencia de transportes en servicio urgente.<br \/>\n[\/et_pb_text][\/et_pb_column][et_pb_column type=&#8221;1_3&#8243; _builder_version=&#8221;3.25&#8243; custom_padding=&#8221;|||&#8221; custom_padding__hover=&#8221;|||&#8221;][et_pb_text _builder_version=&#8221;3.27.4&#8243; text_font=&#8221;BARLOW-REGULAR||||||||&#8221; text_text_color=&#8221;#224635&#8243; text_font_size=&#8221;35px&#8221; text_orientation=&#8221;center&#8221;]Descuentos<br \/>\n[\/et_pb_text][et_pb_divider show_divider=&#8221;off&#8221; _builder_version=&#8221;3.19.3&#8243;][\/et_pb_divider][et_pb_text _builder_version=&#8221;3.27.4&#8243;]En Lupulina.Cat apoyamos las iniciativas y asociaciones que trabajan para difundir la cultura de la cerveza artesana. Por eso ofrecemos un 10 % de descuento sobre nuestros l\u00fapulos a los socios de entidades como:<\/p>\n<ul>\n<li>Associaci\u00f3 el Tirador de Girona<\/li>\n<li>Asociaci\u00f3n de Cerveceros Caseros Espa\u00f1oles (ACCE)<\/li>\n<li>Brew Home de Barcelona<\/li>\n<li>Associaci\u00f3 Singlot de Vilanova i la Geltr\u00fa<\/li>\n<li>Club Maillard Col\u00b7lectiu Cerveser<\/li>\n<li>C.C Ll\u00e9pols del ll\u00fapol, de Mancor de la Vall (Mallorca)<\/li>\n<\/ul>\n<p>Pide el C\u00f3digo Cup\u00f3n a tu asociaci\u00f3n, y podr\u00e1s utilizarlo en la cesta de la compra de nuestra web para obtener el descuento.<br \/>\n[\/et_pb_text][\/et_pb_column][\/et_pb_row][\/et_pb_section][et_pb_section fb_built=&#8221;1&#8243; _builder_version=&#8221;3.22&#8243; background_color=&#8221;#fece41&#8243;][et_pb_row _builder_version=&#8221;3.25&#8243; background_size=&#8221;initial&#8221; background_position=&#8221;top_left&#8221; background_repeat=&#8221;repeat&#8221;][et_pb_column type=&#8221;4_4&#8243; _builder_version=&#8221;3.25&#8243; custom_padding=&#8221;|||&#8221; custom_padding__hover=&#8221;|||&#8221;][et_pb_button button_url=&#8221;https:\/\/lupulina.com\/es\/el-cultivo-del-lupulo\/&#8221; button_text=&#8221;INFORMACI\u00d3N Y CONSEJOS SOBRE EL CULTIVO DEL L\u00daPULO&#8221; button_alignment=&#8221;center&#8221; _builder_version=&#8221;4.1&#8243; custom_button=&#8221;on&#8221; button_text_color=&#8221;#fece41&#8243; button_bg_color=&#8221;#224635&#8243;][\/et_pb_button][\/et_pb_column][\/et_pb_row][\/et_pb_section]<\/p>\n","protected":false},"excerpt":{"rendered":"<p>PLANTAS DE L\u00daPULO En Lupulina.Cat nos dedicamos tambi\u00e9n a la venta de plantas de l\u00fapulo, trabajando como distribuidores de viveristas especializados en la propagaci\u00f3n de l\u00fapulo con m\u00e1s de 50 a\u00f1os de experiencia. Todas las plantas que vendemos y que encontrar\u00e1s aqu\u00ed han estado producidas bajo las m\u00e1s estrictas normas sanitarias, a partir de plantas [&hellip;]<\/p>\n","protected":false},"author":1,"featured_media":0,"parent":0,"menu_order":0,"comment_status":"closed","ping_status":"closed","template":"","meta":{"_et_pb_use_builder":"on","_et_pb_old_content":"","_et_gb_content_width":"","footnotes":"","_links_to":"","_links_to_target":""},"class_list":["post-41152","page","type-page","status-publish","hentry"],"_links":{"self":[{"href":"https:\/\/lupulina.com\/es\/wp-json\/wp\/v2\/pages\/41152","targetHints":{"allow":["GET"]}}],"collection":[{"href":"https:\/\/lupulina.com\/es\/wp-json\/wp\/v2\/pages"}],"about":[{"href":"https:\/\/lupulina.com\/es\/wp-json\/wp\/v2\/types\/page"}],"author":[{"embeddable":true,"href":"https:\/\/lupulina.com\/es\/wp-json\/wp\/v2\/users\/1"}],"replies":[{"embeddable":true,"href":"https:\/\/lupulina.com\/es\/wp-json\/wp\/v2\/comments?post=41152"}],"version-history":[{"count":21,"href":"https:\/\/lupulina.com\/es\/wp-json\/wp\/v2\/pages\/41152\/revisions"}],"predecessor-version":[{"id":856798,"href":"https:\/\/lupulina.com\/es\/wp-json\/wp\/v2\/pages\/41152\/revisions\/856798"}],"wp:attachment":[{"href":"https:\/\/lupulina.com\/es\/wp-json\/wp\/v2\/media?parent=41152"}],"curies":[{"name":"wp","href":"https:\/\/api.w.org\/{rel}","templated":true}]}}