{"id":39396,"date":"2019-10-25T08:25:05","date_gmt":"2019-10-25T08:25:05","guid":{"rendered":"http:\/\/lupulina.volcanicvalley.com\/por-que-lupulina\/"},"modified":"2020-03-23T13:57:08","modified_gmt":"2020-03-23T13:57:08","slug":"por-que-lupulina","status":"publish","type":"page","link":"https:\/\/lupulina.com\/es\/por-que-lupulina\/","title":{"rendered":"Por qu\u00e9 Lupulina?"},"content":{"rendered":"<p>[et_pb_section fb_built=&#8221;1&#8243; _builder_version=&#8221;4.0.9&#8243; custom_margin_tablet=&#8221;&#8221; custom_margin_phone=&#8221;&#8221; custom_margin_last_edited=&#8221;on|phone&#8221; custom_padding=&#8221;54px|0px||0px|false|false&#8221;][et_pb_row _builder_version=&#8221;3.25&#8243; background_size=&#8221;initial&#8221; background_position=&#8221;top_left&#8221; background_repeat=&#8221;repeat&#8221;][et_pb_column type=&#8221;4_4&#8243; _builder_version=&#8221;3.25&#8243; custom_padding=&#8221;|||&#8221; custom_padding__hover=&#8221;|||&#8221;][et_pb_text _builder_version=&#8221;4.1&#8243; text_font=&#8221;Bernier Regular Regular 2020||||||||&#8221; text_text_color=&#8221;#224635&#8243; text_font_size=&#8221;75px&#8221; text_font_size_tablet=&#8221;&#8221; text_font_size_phone=&#8221;40px&#8221; text_font_size_last_edited=&#8221;on|phone&#8221; saved_tabs=&#8221;all&#8221;]<\/p>\n<p style=\"text-align: center;\">\u00bfPOR QU\u00c9 LUPULINA?<\/p>\n<p>[\/et_pb_text][\/et_pb_column][\/et_pb_row][\/et_pb_section][et_pb_section fb_built=&#8221;1&#8243; _builder_version=&#8221;3.22&#8243; custom_padding=&#8221;54px|0px|4px|0px|false|false&#8221;][et_pb_row column_structure=&#8221;1_2,1_2&#8243; use_custom_gutter=&#8221;on&#8221; gutter_width=&#8221;1&#8243; custom_padding_last_edited=&#8221;on|phone&#8221; disabled_on=&#8221;on|on|off&#8221; _builder_version=&#8221;4.0.9&#8243; module_alignment=&#8221;center&#8221; min_height=&#8221;904px&#8221; custom_padding=&#8221;27px|0px|1px|0px|false|false&#8221; custom_padding_tablet=&#8221;&#8221; custom_padding_phone=&#8221;27px|0px|1px|0px|false|false&#8221;][et_pb_column type=&#8221;1_2&#8243; _builder_version=&#8221;4.0.9&#8243; custom_padding=&#8221;|||&#8221; custom_css_main_element=&#8221;height: 400px;&#8221; custom_padding__hover=&#8221;|||&#8221;][et_pb_image src=&#8221;http:\/\/lupulina.volcanicvalley.com\/app\/uploads\/2019\/12\/DSC_2273.jpg&#8221; show_bottom_space=&#8221;off&#8221; align=&#8221;right&#8221; align_tablet=&#8221;center&#8221; align_phone=&#8221;&#8221; align_last_edited=&#8221;on|desktop&#8221; _builder_version=&#8221;4.0.9&#8243; background_enable_image=&#8221;off&#8221; custom_margin=&#8221;-111px|-105px|0px|0px||&#8221;][\/et_pb_image][\/et_pb_column][et_pb_column type=&#8221;1_2&#8243; _builder_version=&#8221;4.0.9&#8243; background_color=&#8221;rgba(34,70,53,0.92)&#8221; custom_padding=&#8221;63px|30px|30px|61px&#8221; custom_padding_tablet=&#8221;&#8221; custom_padding_phone=&#8221;||60px||false|false&#8221; custom_padding_last_edited=&#8221;on|phone&#8221; custom_css_main_element=&#8221;height: 400px;&#8221; custom_padding__hover=&#8221;|||&#8221;][et_pb_text _builder_version=&#8221;4.1&#8243; text_font=&#8221;Barlow Regular||||||||&#8221; text_text_color=&#8221;#fece41&#8243; text_font_size=&#8221;24px&#8221; text_line_height=&#8221;1.8em&#8221; background_enable_color=&#8221;off&#8221; custom_margin=&#8221;|0px||0px&#8221; custom_padding=&#8221;0px|||||&#8221;]En lupulina.cat creemos que toda producci\u00f3n artesana deber\u00eda empezar con una materia prima local y de calidad, elaborada respetando el patrimonio natural y la salud de las personas<br \/>\n[\/et_pb_text][\/et_pb_column][\/et_pb_row][et_pb_row column_structure=&#8221;1_2,1_2&#8243; use_custom_gutter=&#8221;on&#8221; gutter_width=&#8221;1&#8243; make_equal=&#8221;on&#8221; custom_padding_last_edited=&#8221;on|phone&#8221; disabled_on=&#8221;off|off|on&#8221; _builder_version=&#8221;4.0.9&#8243; module_alignment=&#8221;center&#8221; custom_margin=&#8221;0px||||false|false&#8221; custom_padding=&#8221;27px|0px|1px|0px|false|false&#8221; custom_padding_tablet=&#8221;&#8221; custom_padding_phone=&#8221;0px|0px|1px|0px|false|false&#8221;][et_pb_column type=&#8221;1_2&#8243; _builder_version=&#8221;4.0.9&#8243; custom_padding=&#8221;32px||32px||false|false&#8221; custom_padding__hover=&#8221;|||&#8221;][et_pb_image src=&#8221;http:\/\/lupulina.volcanicvalley.com\/app\/uploads\/2019\/12\/DSC_2273.jpg&#8221; show_bottom_space=&#8221;off&#8221; align=&#8221;right&#8221; align_tablet=&#8221;center&#8221; align_phone=&#8221;&#8221; align_last_edited=&#8221;on|desktop&#8221; _builder_version=&#8221;4.0.9&#8243; background_enable_image=&#8221;off&#8221; custom_margin=&#8221;|||0px|false|false&#8221; custom_margin_last_edited=&#8221;off|phone&#8221;][\/et_pb_image][\/et_pb_column][et_pb_column type=&#8221;1_2&#8243; _builder_version=&#8221;4.0.9&#8243; background_color=&#8221;rgba(34,70,53,0.92)&#8221; custom_padding_tablet=&#8221;&#8221; custom_padding_phone=&#8221;32px|16px|32px|16px|false|false&#8221; custom_padding_last_edited=&#8221;on|phone&#8221; custom_padding__hover=&#8221;|||&#8221;][et_pb_text _builder_version=&#8221;4.1&#8243; text_font=&#8221;Barlow Regular||||||||&#8221; text_text_color=&#8221;#fece41&#8243; text_font_size=&#8221;24px&#8221; text_line_height=&#8221;1.8em&#8221; background_enable_color=&#8221;off&#8221; custom_margin=&#8221;|0px||0px&#8221; custom_padding=&#8221;0px|||||&#8221;]En lupulina.cat creemos que toda producci\u00f3n artesana deber\u00eda empezar con una materia prima local y de calidad, elaborada respetando el patrimonio natural y la salud de las personas<br \/>\n[\/et_pb_text][\/et_pb_column][\/et_pb_row][\/et_pb_section][et_pb_section fb_built=&#8221;1&#8243; _builder_version=&#8221;3.22&#8243; background_color=&#8221;#f2f2f2&#8243; custom_padding=&#8221;72px|0px|54px|0px|false|false&#8221;][et_pb_row _builder_version=&#8221;3.25&#8243; background_size=&#8221;initial&#8221; background_position=&#8221;top_left&#8221; background_repeat=&#8221;repeat&#8221;][et_pb_column type=&#8221;4_4&#8243; _builder_version=&#8221;3.25&#8243; custom_padding=&#8221;|||&#8221; custom_padding__hover=&#8221;|||&#8221;][et_pb_text _builder_version=&#8221;4.1&#8243; text_font=&#8221;BARLOW-REGULAR||||||||&#8221; text_text_color=&#8221;#224635&#8243; text_font_size=&#8221;22px&#8221; text_line_height=&#8221;1.8em&#8221; text_orientation=&#8221;center&#8221; hover_enabled=&#8221;0&#8243;]<\/p>\n<p>lupulina.cat nace con el objetivo de aportar calidad y competitividad a la cerveza artesana catalana, a partir de la producci\u00f3n ecol\u00f3gica de l\u00fapulo gerundense de alta calidad.<\/p>\n<p>Contrariamente a las grandes producciones industrializadas, en lupulina.cat utilizamos t\u00e9cnicas de producci\u00f3n a peque\u00f1a escala que minimizan la manipulaci\u00f3n y la alteraci\u00f3n del producto durante su proceso, con el objetivo de preservar al m\u00e1ximo sus cualidades esenciales, arom\u00e1ticas y de sabor.<\/p>\n<p>En lupulina.cat ofrecemos l\u00fapulos ecol\u00f3gicos de distintas variedades, de calidad y de producci\u00f3n local, con un buen servicio adaptado a las necesidades del productor cervecero (aficionado o<br \/>profesional).<\/p>\n<p><a href=\"https:\/\/lupulina.com\/es\/prensa\/\">Lupulina en la prensa<\/a><\/p>\n<p>[\/et_pb_text][\/et_pb_column][\/et_pb_row][\/et_pb_section]<\/p>\n","protected":false},"excerpt":{"rendered":"<p>\u00bfPOR QU\u00c9 LUPULINA?En lupulina.cat creemos que toda producci\u00f3n artesana deber\u00eda empezar con una materia prima local y de calidad, elaborada respetando el patrimonio natural y la salud de las personas En lupulina.cat creemos que toda producci\u00f3n artesana deber\u00eda empezar con una materia prima local y de calidad, elaborada respetando el patrimonio natural y la salud [&hellip;]<\/p>\n","protected":false},"author":1,"featured_media":0,"parent":0,"menu_order":0,"comment_status":"closed","ping_status":"closed","template":"","meta":{"_et_pb_use_builder":"on","_et_pb_old_content":"","_et_gb_content_width":"","footnotes":"","_links_to":"","_links_to_target":""},"class_list":["post-39396","page","type-page","status-publish","hentry"],"_links":{"self":[{"href":"https:\/\/lupulina.com\/es\/wp-json\/wp\/v2\/pages\/39396","targetHints":{"allow":["GET"]}}],"collection":[{"href":"https:\/\/lupulina.com\/es\/wp-json\/wp\/v2\/pages"}],"about":[{"href":"https:\/\/lupulina.com\/es\/wp-json\/wp\/v2\/types\/page"}],"author":[{"embeddable":true,"href":"https:\/\/lupulina.com\/es\/wp-json\/wp\/v2\/users\/1"}],"replies":[{"embeddable":true,"href":"https:\/\/lupulina.com\/es\/wp-json\/wp\/v2\/comments?post=39396"}],"version-history":[{"count":12,"href":"https:\/\/lupulina.com\/es\/wp-json\/wp\/v2\/pages\/39396\/revisions"}],"predecessor-version":[{"id":856555,"href":"https:\/\/lupulina.com\/es\/wp-json\/wp\/v2\/pages\/39396\/revisions\/856555"}],"wp:attachment":[{"href":"https:\/\/lupulina.com\/es\/wp-json\/wp\/v2\/media?parent=39396"}],"curies":[{"name":"wp","href":"https:\/\/api.w.org\/{rel}","templated":true}]}}