{"id":170018,"date":"2020-01-15T10:06:26","date_gmt":"2020-01-15T10:06:26","guid":{"rendered":"https:\/\/lupulina.com\/?page_id=170018"},"modified":"2020-01-15T10:12:07","modified_gmt":"2020-01-15T10:12:07","slug":"gastos-de-envio","status":"publish","type":"page","link":"https:\/\/lupulina.com\/es\/gastos-de-envio\/","title":{"rendered":"Gastos de env\u00edo"},"content":{"rendered":"<p>[et_pb_section fb_built=&#8221;1&#8243; _builder_version=&#8221;4.1&#8243;][et_pb_row _builder_version=&#8221;4.1&#8243;][et_pb_column type=&#8221;4_4&#8243; _builder_version=&#8221;4.1&#8243;][et_pb_text _builder_version=&#8221;4.1&#8243; hover_enabled=&#8221;0&#8243;]<\/p>\n<h1>Gastos de env\u00edo<\/h1>\n<p>[\/et_pb_text][et_pb_text _builder_version=&#8221;4.1&#8243;]<\/p>\n<p>Espa\u00f1a pen\u00ednsular\u00a0 24-48h: 3,26\u20ac<\/p>\n<p>Baleares 48\/72h: 5,74\u20ac<\/p>\n<p>Portugal pen\u00ednsular 48\/72h: 8,22\u20ac<\/p>\n<p>Francia metropolitana 4\/5 dies: 9\u20ac<\/p>\n<p>[\/et_pb_text][\/et_pb_column][\/et_pb_row][\/et_pb_section]<\/p>\n","protected":false},"excerpt":{"rendered":"<p>Gastos de env\u00edo Espa\u00f1a pen\u00ednsular\u00a0 24-48h: 3,26\u20ac Baleares 48\/72h: 5,74\u20ac Portugal pen\u00ednsular 48\/72h: 8,22\u20ac Francia metropolitana 4\/5 dies: 9\u20ac<\/p>\n","protected":false},"author":1,"featured_media":0,"parent":0,"menu_order":0,"comment_status":"closed","ping_status":"closed","template":"","meta":{"_et_pb_use_builder":"on","_et_pb_old_content":"","_et_gb_content_width":"","footnotes":"","_links_to":"","_links_to_target":""},"class_list":["post-170018","page","type-page","status-publish","hentry"],"_links":{"self":[{"href":"https:\/\/lupulina.com\/es\/wp-json\/wp\/v2\/pages\/170018","targetHints":{"allow":["GET"]}}],"collection":[{"href":"https:\/\/lupulina.com\/es\/wp-json\/wp\/v2\/pages"}],"about":[{"href":"https:\/\/lupulina.com\/es\/wp-json\/wp\/v2\/types\/page"}],"author":[{"embeddable":true,"href":"https:\/\/lupulina.com\/es\/wp-json\/wp\/v2\/users\/1"}],"replies":[{"embeddable":true,"href":"https:\/\/lupulina.com\/es\/wp-json\/wp\/v2\/comments?post=170018"}],"version-history":[{"count":5,"href":"https:\/\/lupulina.com\/es\/wp-json\/wp\/v2\/pages\/170018\/revisions"}],"predecessor-version":[{"id":170497,"href":"https:\/\/lupulina.com\/es\/wp-json\/wp\/v2\/pages\/170018\/revisions\/170497"}],"wp:attachment":[{"href":"https:\/\/lupulina.com\/es\/wp-json\/wp\/v2\/media?parent=170018"}],"curies":[{"name":"wp","href":"https:\/\/api.w.org\/{rel}","templated":true}]}}